{"id":3003,"date":"2025-06-03T03:09:08","date_gmt":"2025-06-03T03:09:08","guid":{"rendered":"http:\/\/3ecelik.com.tr\/?page_id=3003"},"modified":"2025-06-11T08:53:17","modified_gmt":"2025-06-11T08:53:17","slug":"hizmetlerimiz","status":"publish","type":"page","link":"http:\/\/3ecelik.com.tr\/index.php\/hizmetlerimiz\/","title":{"rendered":"Hizmetlerimiz"},"content":{"rendered":"\t\t<div data-elementor-type=\"wp-page\" data-elementor-id=\"3003\" class=\"elementor elementor-3003\" data-elementor-post-type=\"page\">\n\t\t\t\t\t\t<section class=\"elementor-section elementor-top-section elementor-element elementor-element-67152ff elementor-section-boxed elementor-section-height-default elementor-section-height-default\" data-id=\"67152ff\" data-element_type=\"section\" data-settings=\"{&quot;background_background&quot;:&quot;slideshow&quot;,&quot;background_slideshow_gallery&quot;:[{&quot;id&quot;:177,&quot;url&quot;:&quot;https:\\\/\\\/gaviaspreview.com\\\/wp\\\/constix\\\/wp-content\\\/uploads\\\/2023\\\/01\\\/breadcrumb-01.jpg&quot;},{&quot;id&quot;:178,&quot;url&quot;:&quot;https:\\\/\\\/gaviaspreview.com\\\/wp\\\/constix\\\/wp-content\\\/uploads\\\/2023\\\/01\\\/breadcrumb-02.jpg&quot;}],&quot;background_slideshow_ken_burns&quot;:&quot;yes&quot;,&quot;background_slideshow_loop&quot;:&quot;yes&quot;,&quot;background_slideshow_slide_duration&quot;:5000,&quot;background_slideshow_slide_transition&quot;:&quot;fade&quot;,&quot;background_slideshow_transition_duration&quot;:500,&quot;background_slideshow_ken_burns_zoom_direction&quot;:&quot;in&quot;}\">\n\t\t\t\t\t\t\t<div class=\"elementor-background-overlay\"><\/div>\n\t\t\t\t\t\t\t<div class=\"elementor-container elementor-column-gap-default\">\n\t\t\t\t\t<div class=\"elementor-column elementor-col-100 elementor-top-column elementor-element elementor-element-108d99c\" data-id=\"108d99c\" data-element_type=\"column\">\n\t\t\t<div class=\"elementor-widget-wrap elementor-element-populated\">\n\t\t\t\t\t\t<div class=\"elementor-element elementor-element-07bec2e elementor-widget elementor-widget-gva-heading-block\" data-id=\"07bec2e\" data-element_type=\"widget\" data-widget_type=\"gva-heading-block.default\">\n\t\t\t\t<div class=\"elementor-widget-container\">\n\t\t\t\t\t<div class=\"gva-element-gva-heading-block gva-element\">   <div class=\"align-left style-1 widget gsc-heading box-align-left auto-responsive\">\r\n      <div class=\"content-inner\">\r\n         \r\n                  \r\n            \r\n         \r\n                     <h2 class=\"title\">\r\n               <span>Hizmetlerimiz<\/span>\r\n            <\/h2>\r\n                  \r\n                     <div class=\"title-desc\">Size en iyi \u00e7elik \u00e7\u00f6z\u00fcmlerini sunuyoruz.<\/div>\r\n         \r\n         \r\n      <\/div>\r\n   <\/div>\r\n<\/div>\t\t\t\t<\/div>\n\t\t\t\t<\/div>\n\t\t\t\t\t<\/div>\n\t\t<\/div>\n\t\t\t\t\t<\/div>\n\t\t<\/section>\n\t\t\t\t<section class=\"elementor-section elementor-top-section elementor-element elementor-element-dd07740 elementor-section-boxed elementor-section-height-default elementor-section-height-default\" data-id=\"dd07740\" data-element_type=\"section\">\n\t\t\t\t\t\t<div class=\"elementor-container elementor-column-gap-default\">\n\t\t\t\t\t<div class=\"elementor-column elementor-col-100 elementor-top-column elementor-element elementor-element-1e099e8\" data-id=\"1e099e8\" data-element_type=\"column\">\n\t\t\t<div class=\"elementor-widget-wrap elementor-element-populated\">\n\t\t\t\t\t\t<div class=\"elementor-element elementor-element-32a7e7a elementor-widget elementor-widget-gva_icon_box_group\" data-id=\"32a7e7a\" data-element_type=\"widget\" data-widget_type=\"gva_icon_box_group.default\">\n\t\t\t\t<div class=\"elementor-widget-container\">\n\t\t\t\t\t<div class=\"gva-element-gva_icon_box_group gva-element\">\r\n<div class=\"gsc-icon-box-group layout-carousel swiper-slider-wrapper \">\r\n   <div class=\"swiper-content-inner\">\r\n      <div class=\"init-carousel-swiper swiper\" data-carousel=\"{&quot;items&quot;:4,&quot;items_lg&quot;:4,&quot;items_md&quot;:3,&quot;items_sm&quot;:2,&quot;items_xs&quot;:2,&quot;items_xx&quot;:2,&quot;effect&quot;:&quot;slide&quot;,&quot;space_between&quot;:30,&quot;loop&quot;:1,&quot;speed&quot;:600,&quot;autoplay&quot;:1,&quot;autoplay_delay&quot;:4500,&quot;autoplay_hover&quot;:1,&quot;navigation&quot;:1,&quot;pagination&quot;:0,&quot;dynamic_bullets&quot;:0,&quot;pagination_type&quot;:&quot;bullets&quot;}\">\r\n         <div class=\"swiper-wrapper\">\r\n            <div class=\"swiper-slide\">\r\n<div class=\"icon-box-item elementor-repeater-item-d833a49\">\r\n\t\t<div class=\"iconbox-one__single\"><h3 class=\"iconbox-one__title\">\u00c7elik<br>Konstr\u00fcksiyon<\/h3><div class=\"iconbox-one__icon\"><i aria-hidden=\"true\" class=\" cicon-lab\"><\/i><\/div><div class=\"iconbox-one__desc\">Projelerinize \u00f6zel \u00e7elik konstr\u00fcksiyon \u00e7\u00f6z\u00fcmleri sunuyoruz.<\/div><\/div>\r\n\t\t<\/div><\/div><div class=\"swiper-slide\">\r\n<div class=\"icon-box-item elementor-repeater-item-b50c52e\">\r\n\t\t<div class=\"iconbox-one__single\"><h3 class=\"iconbox-one__title\">\u00c7elik<br>\u00c7at\u0131<\/h3><div class=\"iconbox-one__icon\"><i aria-hidden=\"true\" class=\" cicon-measure\"><\/i><\/div><div class=\"iconbox-one__desc\">Dayan\u0131kl\u0131 ve estetik \u00e7elik \u00e7at\u0131 \u00e7\u00f6z\u00fcmleriyle binalar\u0131n\u0131z\u0131 koruyoruz.<\/div><\/div>\r\n\t\t<\/div><\/div><div class=\"swiper-slide\">\r\n<div class=\"icon-box-item elementor-repeater-item-2c50c28\">\r\n\t\t<div class=\"iconbox-one__single\"><h3 class=\"iconbox-one__title\">Lazer<br>Kesim<\/h3><div class=\"iconbox-one__icon\"><i aria-hidden=\"true\" class=\" cicon-mission\"><\/i><\/div><div class=\"iconbox-one__desc\">Y\u00fcksek hassasiyetli lazer kesim makinelerimiz ile maksimum verim elde edin.\n<\/div><\/div>\r\n\t\t<\/div><\/div><div class=\"swiper-slide\">\r\n<div class=\"icon-box-item elementor-repeater-item-c492c79\">\r\n\t\t<div class=\"iconbox-one__single\"><h3 class=\"iconbox-one__title\">Makine<br>Montaj\u0131<\/h3><div class=\"iconbox-one__icon\"><i aria-hidden=\"true\" class=\" cicon-buildings-1\"><\/i><\/div><div class=\"iconbox-one__desc\">End\u00fcstriyel makinelerin kurulumu ve bak\u0131m\u0131 konusundaki tecr\u00fcbemizle yan\u0131n\u0131zday\u0131z.\n<\/div><\/div>\r\n\t\t<\/div><\/div><div class=\"swiper-slide\">\r\n<div class=\"icon-box-item elementor-repeater-item-52c7008\">\r\n\t\t<div class=\"iconbox-one__single\"><h3 class=\"iconbox-one__title\">L\u00fcks<br>Mangal \u00dcretimi<\/h3><div class=\"iconbox-one__icon\"><i aria-hidden=\"true\" class=\" cicon-table-saw\"><\/i><\/div><div class=\"iconbox-one__desc\">El i\u015f\u00e7ili\u011fi ve y\u00fcksek kalite standartlar\u0131nda, \u00f6zel tasar\u0131m mangal \u00e7\u00f6z\u00fcmleri.<\/div><\/div>\r\n\t\t<\/div><\/div>         <\/div>\r\n      <\/div>\r\n   <\/div>   \r\n   <div class=\"swiper-pagination\"><\/div>   <div class=\"swiper-nav-next\"><\/div><div class=\"swiper-nav-prev\"><\/div><\/div>\r\n<\/div>\t\t\t\t<\/div>\n\t\t\t\t<\/div>\n\t\t\t\t\t<\/div>\n\t\t<\/div>\n\t\t\t\t\t<\/div>\n\t\t<\/section>\n\t\t\t\t<section class=\"elementor-section elementor-top-section elementor-element elementor-element-ee08d72 elementor-section-boxed elementor-section-height-default elementor-section-height-default\" data-id=\"ee08d72\" data-element_type=\"section\">\n\t\t\t\t\t\t<div class=\"elementor-container elementor-column-gap-default\">\n\t\t\t\t\t<div class=\"elementor-column elementor-col-100 elementor-top-column elementor-element elementor-element-697956a\" data-id=\"697956a\" data-element_type=\"column\">\n\t\t\t<div class=\"elementor-widget-wrap elementor-element-populated\">\n\t\t\t\t\t\t<div class=\"elementor-element elementor-element-5c59828 elementor-widget elementor-widget-gva-heading-block\" data-id=\"5c59828\" data-element_type=\"widget\" data-widget_type=\"gva-heading-block.default\">\n\t\t\t\t<div class=\"elementor-widget-container\">\n\t\t\t\t\t<div class=\"gva-element-gva-heading-block gva-element\">   <div class=\"align-center style-1 widget gsc-heading box-align-left auto-responsive\">\r\n      <div class=\"content-inner\">\r\n         \r\n                  \r\n         <div class=\"sub-title\"><span class=\"heading-icon\"><\/span><span class=\"tagline\">Size sundu\u011fumuz hizmetler<\/span><\/div>   \r\n         \r\n                     <h2 class=\"title\">\r\n               <span><span>T\u00fcm \u00e7elik yap\u0131 \u00e7\u00f6z\u00fcmlerini bir arada sunuyoruz<\/span>\n<\/span>\r\n            <\/h2>\r\n                  \r\n         \r\n         \r\n      <\/div>\r\n   <\/div>\r\n<\/div>\t\t\t\t<\/div>\n\t\t\t\t<\/div>\n\t\t\t\t<div class=\"elementor-element elementor-element-7c910a6 elementor-widget elementor-widget-gva-services\" data-id=\"7c910a6\" data-element_type=\"widget\" data-widget_type=\"gva-services.default\">\n\t\t\t\t<div class=\"elementor-widget-container\">\n\t\t\t\t\t<div class=\"gva-element-gva-services gva-element\">\r\n<div class=\"gsc-services layout-grid\">\r\n   <div class=\"lg-block-grid-3 md-block-grid-3 sm-block-grid-2 xs-block-grid-2 xx-block-grid-1\">\r\n      <div class=\"item-columns\">\r\n<div class=\"service-one__single\"><div class=\"service-one__content\"><div class=\"service-one__image\"><img decoding=\"async\" src=\"http:\/\/3ecelik.com.tr\/wp-content\/uploads\/2025\/06\/celik-kons-tiny.jpg\" alt=\"\u00c7elik Konstr\u00fcksiyon Montaj\"\/><span class=\"service-one__icon\"><i aria-hidden=\"true\" class=\" cicon-right\"><\/i><\/span><\/div><div class=\"service-one__content-inner\"><h4 class=\"service-one__title\"><span>\u00c7elik Konstr\u00fcksiyon Montaj<\/span><\/h4><\/div>\t\t  <a href=\"\/index.php\/hizmetlerimiz\/celik-konstruksiyon-montaj\/\" class=\"service-one__link-overlay\" target=\"_blank\"><\/a>\r\n\t\t  <\/div><\/div>\t\r\n\r\n\r\n\r\n<\/div><div class=\"item-columns\">\r\n<div class=\"service-one__single\"><div class=\"service-one__content\"><div class=\"service-one__image\"><img decoding=\"async\" src=\"http:\/\/3ecelik.com.tr\/wp-content\/uploads\/2023\/01\/service-02.jpg\" alt=\"\u00c7elik \u00c7at\u0131 \u0130malat ve Montaj\"\/><span class=\"service-one__icon\"><i aria-hidden=\"true\" class=\" cicon-right\"><\/i><\/span><\/div><div class=\"service-one__content-inner\"><h4 class=\"service-one__title\"><span>\u00c7elik \u00c7at\u0131 \u0130malat ve Montaj<\/span><\/h4><\/div>\t\t  <a href=\"\/index.php\/hizmetlerimiz\/celik-cati-imalat-ve-montaj\/\" class=\"service-one__link-overlay\" target=\"_blank\"><\/a>\r\n\t\t  <\/div><\/div>\t\r\n\r\n\r\n\r\n<\/div><div class=\"item-columns\">\r\n<div class=\"service-one__single\"><div class=\"service-one__content\"><div class=\"service-one__image\"><img decoding=\"async\" src=\"http:\/\/3ecelik.com.tr\/wp-content\/uploads\/2023\/01\/service-03.jpg\" alt=\"Seksiyonel Port Kap\u0131\"\/><span class=\"service-one__icon\"><i aria-hidden=\"true\" class=\" cicon-right\"><\/i><\/span><\/div><div class=\"service-one__content-inner\"><h4 class=\"service-one__title\"><span>Seksiyonel Port Kap\u0131<\/span><\/h4><\/div>\t\t  <a href=\"\/index.php\/hizmetlerimiz\/seksiyonel-port-kapi\/\" class=\"service-one__link-overlay\" target=\"_blank\"><\/a>\r\n\t\t  <\/div><\/div>\t\r\n\r\n\r\n\r\n<\/div><div class=\"item-columns\">\r\n<div class=\"service-one__single\"><div class=\"service-one__content\"><div class=\"service-one__image\"><img decoding=\"async\" src=\"https:\/\/gaviaspreview.com\/wp\/constix\/wp-content\/uploads\/2023\/01\/service-04.jpg\" alt=\"Lazer Kesim Kap\u0131 &amp; Korkuluk\"\/><span class=\"service-one__icon\"><i aria-hidden=\"true\" class=\" cicon-right\"><\/i><\/span><\/div><div class=\"service-one__content-inner\"><h4 class=\"service-one__title\"><span>Lazer Kesim Kap\u0131 &amp; Korkuluk<\/span><\/h4><\/div>\t\t  <a href=\"\/index.php\/hizmetlerimiz\/lazer-kesim-kapi-ve-korkuluklar\/\" class=\"service-one__link-overlay\" target=\"_blank\"><\/a>\r\n\t\t  <\/div><\/div>\t\r\n\r\n\r\n\r\n<\/div><div class=\"item-columns\">\r\n<div class=\"service-one__single\"><div class=\"service-one__content\"><div class=\"service-one__image\"><img decoding=\"async\" src=\"https:\/\/gaviaspreview.com\/wp\/constix\/wp-content\/uploads\/2023\/01\/service-06.jpg\" alt=\"Hafif \u00c7elik Prefabrik Ev\"\/><span class=\"service-one__icon\"><i aria-hidden=\"true\" class=\" cicon-right\"><\/i><\/span><\/div><div class=\"service-one__content-inner\"><h4 class=\"service-one__title\"><span>Hafif \u00c7elik Prefabrik Ev<\/span><\/h4><\/div>\t\t  <a href=\"\/index.php\/hizmetlerimiz\/hafif-celik-prefabrik-evler\/\" class=\"service-one__link-overlay\" target=\"_blank\"><\/a>\r\n\t\t  <\/div><\/div>\t\r\n\r\n\r\n\r\n<\/div><div class=\"item-columns\">\r\n<div class=\"service-one__single\"><div class=\"service-one__content\"><div class=\"service-one__image\"><img decoding=\"async\" src=\"http:\/\/3ecelik.com.tr\/wp-content\/uploads\/2023\/01\/service-01.jpg\" alt=\"Ah\u015fap Ev, Merdiven, Korkuluk Tasar\u0131m\u0131\"\/><span class=\"service-one__icon\"><i aria-hidden=\"true\" class=\" cicon-right\"><\/i><\/span><\/div><div class=\"service-one__content-inner\"><h4 class=\"service-one__title\"><span>Ah\u015fap Ev, Merdiven, Korkuluk Tasar\u0131m\u0131<\/span><\/h4><\/div>\t\t  <a href=\"\/index.php\/hizmetlerimiz\/ahsap-ev-merdiven-ve-korkuluk-tasarimi\/\" class=\"service-one__link-overlay\" target=\"_blank\"><\/a>\r\n\t\t  <\/div><\/div>\t\r\n\r\n\r\n\r\n<\/div><div class=\"item-columns\">\r\n<div class=\"service-one__single\"><div class=\"service-one__content\"><div class=\"service-one__image\"><img decoding=\"async\" src=\"http:\/\/3ecelik.com.tr\/wp-content\/uploads\/2023\/01\/service-01.jpg\" alt=\"Demonte Lazer Kesim Projeleri\"\/><span class=\"service-one__icon\"><i aria-hidden=\"true\" class=\" cicon-right\"><\/i><\/span><\/div><div class=\"service-one__content-inner\"><h4 class=\"service-one__title\"><span>Demonte Lazer Kesim Projeleri<\/span><\/h4><\/div>\t\t  <a href=\"\/index.php\/hizmetlerimiz\/demonte-lazer-kesim-projeleri\/\" class=\"service-one__link-overlay\" target=\"_blank\"><\/a>\r\n\t\t  <\/div><\/div>\t\r\n\r\n\r\n\r\n<\/div>   <\/div>\r\n<\/div>\r\n<\/div>\t\t\t\t<\/div>\n\t\t\t\t<\/div>\n\t\t\t\t\t<\/div>\n\t\t<\/div>\n\t\t\t\t\t<\/div>\n\t\t<\/section>\n\t\t\t\t<section class=\"elementor-section elementor-top-section elementor-element elementor-element-c6640ea elementor-section-boxed elementor-section-height-default elementor-section-height-default\" data-id=\"c6640ea\" data-element_type=\"section\">\n\t\t\t\t\t\t<div class=\"elementor-container elementor-column-gap-default\">\n\t\t\t\t\t<div class=\"elementor-column elementor-col-50 elementor-top-column elementor-element elementor-element-e0f5378\" data-id=\"e0f5378\" data-element_type=\"column\" data-settings=\"{&quot;background_background&quot;:&quot;classic&quot;}\">\n\t\t\t<div class=\"elementor-widget-wrap elementor-element-populated\">\n\t\t\t\t\t\t<div class=\"elementor-element elementor-element-c609c09 elementor-widget elementor-widget-spacer\" data-id=\"c609c09\" data-element_type=\"widget\" data-widget_type=\"spacer.default\">\n\t\t\t\t<div class=\"elementor-widget-container\">\n\t\t\t\t\t\t\t<div class=\"elementor-spacer\">\n\t\t\t<div class=\"elementor-spacer-inner\"><\/div>\n\t\t<\/div>\n\t\t\t\t\t\t<\/div>\n\t\t\t\t<\/div>\n\t\t\t\t\t<\/div>\n\t\t<\/div>\n\t\t\t\t<div class=\"elementor-column elementor-col-50 elementor-top-column elementor-element elementor-element-919ea17\" data-id=\"919ea17\" data-element_type=\"column\" data-settings=\"{&quot;background_background&quot;:&quot;classic&quot;}\">\n\t\t\t<div class=\"elementor-widget-wrap elementor-element-populated\">\n\t\t\t\t\t<div class=\"elementor-background-overlay\"><\/div>\n\t\t\t\t\t\t<div class=\"elementor-element elementor-element-6bcafc7 elementor-widget elementor-widget-heading\" data-id=\"6bcafc7\" data-element_type=\"widget\" data-widget_type=\"heading.default\">\n\t\t\t\t<div class=\"elementor-widget-container\">\n\t\t\t\t\t<h2 class=\"elementor-heading-title elementor-size-default\">Neden 3e \u00c7elik?<\/h2>\t\t\t\t<\/div>\n\t\t\t\t<\/div>\n\t\t\t\t<div class=\"elementor-element elementor-element-dc73997 elementor-widget elementor-widget-text-editor\" data-id=\"dc73997\" data-element_type=\"widget\" data-widget_type=\"text-editor.default\">\n\t\t\t\t<div class=\"elementor-widget-container\">\n\t\t\t\t\t\t\t\t\t<p>2025 y\u0131l\u0131nda \u015firket b\u00fcnyesine d\u00f6n\u00fc\u015ferek, 10 y\u0131l\u0131 a\u015fk\u0131n ta\u015feronluk tecr\u00fcbemizi \u00e7elik konstr\u00fcksiyon, \u00e7elik \u00e7at\u0131, lazer kesim, makine montaj\u0131 ve l\u00fcks mangal \u00fcretimi gibi alanlarda birle\u015ftirdik. B\u00f6lgedeki lider \u00e7elik i\u015f orta\u011f\u0131n\u0131z olarak sizi bekliyoruz.<\/p>\t\t\t\t\t\t\t\t<\/div>\n\t\t\t\t<\/div>\n\t\t\t\t<div class=\"elementor-element elementor-element-ba27150 elementor-icon-list--layout-traditional elementor-list-item-link-full_width elementor-widget elementor-widget-icon-list\" data-id=\"ba27150\" data-element_type=\"widget\" data-widget_type=\"icon-list.default\">\n\t\t\t\t<div class=\"elementor-widget-container\">\n\t\t\t\t\t\t\t<ul class=\"elementor-icon-list-items\">\n\t\t\t\t\t\t\t<li class=\"elementor-icon-list-item\">\n\t\t\t\t\t\t\t\t\t\t\t<span class=\"elementor-icon-list-icon\">\n\t\t\t\t\t\t\t<i aria-hidden=\"true\" class=\"fas fa-check-circle\"><\/i>\t\t\t\t\t\t<\/span>\n\t\t\t\t\t\t\t\t\t\t<span class=\"elementor-icon-list-text\">10+ y\u0131l sekt\u00f6r tecr\u00fcbesi<\/span>\n\t\t\t\t\t\t\t\t\t<\/li>\n\t\t\t\t\t\t\t\t<li class=\"elementor-icon-list-item\">\n\t\t\t\t\t\t\t\t\t\t\t<span class=\"elementor-icon-list-icon\">\n\t\t\t\t\t\t\t<i aria-hidden=\"true\" class=\"fas fa-check-circle\"><\/i>\t\t\t\t\t\t<\/span>\n\t\t\t\t\t\t\t\t\t\t<span class=\"elementor-icon-list-text\">Anahtar teslim \u00e7\u00f6z\u00fcm garantisi<\/span>\n\t\t\t\t\t\t\t\t\t<\/li>\n\t\t\t\t\t\t\t\t<li class=\"elementor-icon-list-item\">\n\t\t\t\t\t\t\t\t\t\t\t<span class=\"elementor-icon-list-icon\">\n\t\t\t\t\t\t\t<i aria-hidden=\"true\" class=\"fas fa-check-circle\"><\/i>\t\t\t\t\t\t<\/span>\n\t\t\t\t\t\t\t\t\t\t<span class=\"elementor-icon-list-text\">Y\u00fcksek kalite ve uygun maliyet<\/span>\n\t\t\t\t\t\t\t\t\t<\/li>\n\t\t\t\t\t\t<\/ul>\n\t\t\t\t\t\t<\/div>\n\t\t\t\t<\/div>\n\t\t\t\t\t<\/div>\n\t\t<\/div>\n\t\t\t\t\t<\/div>\n\t\t<\/section>\n\t\t\t\t<\/div>\n\t\t","protected":false},"excerpt":{"rendered":"<p>Hizmetlerimiz Size en iyi \u00e7elik \u00e7\u00f6z\u00fcmlerini sunuyoruz. \u00c7elikKonstr\u00fcksiyon Projelerinize \u00f6zel \u00e7elik konstr\u00fcksiyon \u00e7\u00f6z\u00fcmleri sunuyoruz. \u00c7elik\u00c7at\u0131 Dayan\u0131kl\u0131 ve estetik \u00e7elik \u00e7at\u0131 \u00e7\u00f6z\u00fcmleriyle binalar\u0131n\u0131z\u0131 koruyoruz. LazerKesim Y\u00fcksek hassasiyetli lazer kesim makinelerimiz ile maksimum verim elde edin. MakineMontaj\u0131 End\u00fcstriyel makinelerin kurulumu ve bak\u0131m\u0131 konusundaki tecr\u00fcbemizle yan\u0131n\u0131zday\u0131z. L\u00fcksMangal \u00dcretimi El i\u015f\u00e7ili\u011fi ve y\u00fcksek kalite standartlar\u0131nda, \u00f6zel tasar\u0131m mangal \u00e7\u00f6z\u00fcmleri. [&hellip;]<\/p>\n","protected":false},"author":1,"featured_media":0,"parent":0,"menu_order":0,"comment_status":"closed","ping_status":"closed","template":"","meta":{"footnotes":""},"class_list":["post-3003","page","type-page","status-publish","hentry"],"_links":{"self":[{"href":"http:\/\/3ecelik.com.tr\/index.php\/wp-json\/wp\/v2\/pages\/3003","targetHints":{"allow":["GET"]}}],"collection":[{"href":"http:\/\/3ecelik.com.tr\/index.php\/wp-json\/wp\/v2\/pages"}],"about":[{"href":"http:\/\/3ecelik.com.tr\/index.php\/wp-json\/wp\/v2\/types\/page"}],"author":[{"embeddable":true,"href":"http:\/\/3ecelik.com.tr\/index.php\/wp-json\/wp\/v2\/users\/1"}],"replies":[{"embeddable":true,"href":"http:\/\/3ecelik.com.tr\/index.php\/wp-json\/wp\/v2\/comments?post=3003"}],"version-history":[{"count":43,"href":"http:\/\/3ecelik.com.tr\/index.php\/wp-json\/wp\/v2\/pages\/3003\/revisions"}],"predecessor-version":[{"id":3513,"href":"http:\/\/3ecelik.com.tr\/index.php\/wp-json\/wp\/v2\/pages\/3003\/revisions\/3513"}],"wp:attachment":[{"href":"http:\/\/3ecelik.com.tr\/index.php\/wp-json\/wp\/v2\/media?parent=3003"}],"curies":[{"name":"wp","href":"https:\/\/api.w.org\/{rel}","templated":true}]}}